{"id":1982,"date":"2022-09-27T02:04:25","date_gmt":"2022-09-27T02:04:25","guid":{"rendered":"https:\/\/demo.7iquid.com\/carmelina\/?page_id=1982"},"modified":"2025-09-15T07:49:26","modified_gmt":"2025-09-15T07:49:26","slug":"terms-condition","status":"publish","type":"page","link":"https:\/\/cathedralroomandloft.com\/en\/terms-condition\/","title":{"rendered":"Privacy &#038; Cookie Policy"},"content":{"rendered":"<div data-elementor-type=\"wp-page\" data-elementor-id=\"1982\" class=\"elementor elementor-1982\">\n\t\t\t\t        <section class=\"elementor-section elementor-top-section elementor-element elementor-element-5d3ffb2 elementor-section-boxed elementor-section-height-default elementor-section-height-default pxl-section-static-pos-no pxl-section-overflow-hidden-no pxl-container-margin-auto-no\" data-id=\"5d3ffb2\" data-element_type=\"section\" data-e-type=\"section\">\n\n                \n                <div class=\"elementor-container elementor-column-gap-default\">\n                <div class=\"elementor-column elementor-col-100 elementor-top-column elementor-element elementor-element-e2b3903 col-offset-none pxl-column-element-default pxl-column-overflow-hidden-no\" data-id=\"e2b3903\" data-element_type=\"column\" data-e-type=\"column\">\r\n        <div class=\"elementor-widget-wrap elementor-element-populated\">\r\n                            <section class=\"elementor-section elementor-inner-section elementor-element elementor-element-451a8f8 elementor-section-content-middle elementor-section-boxed elementor-section-height-default elementor-section-height-default pxl-section-static-pos-no pxl-section-overflow-hidden-no pxl-container-margin-auto-no elementor-invisible pxl-elementor-animate\" data-id=\"451a8f8\" data-element_type=\"section\" data-e-type=\"section\" data-settings=\"{&quot;animation&quot;:&quot;fadeInUp&quot;}\">\n\n                \n                <div class=\"elementor-container elementor-column-gap-default\">\n                <div class=\"elementor-column elementor-col-100 elementor-inner-column elementor-element elementor-element-bef22a3 pxl-column-element-grow col-offset-none pxl-column-overflow-hidden-no\" data-id=\"bef22a3\" data-element_type=\"column\" data-e-type=\"column\">\r\n        <div class=\"elementor-widget-wrap elementor-element-populated\">\r\n                    \t\t<div class=\"elementor-element elementor-element-92a34ff elementor-widget__width-auto elementor-widget elementor-widget-pxl_heading\" data-id=\"92a34ff\" data-element_type=\"widget\" data-e-type=\"widget\" data-widget_type=\"pxl_heading.default\">\n\t\t\t\t<div class=\"elementor-widget-container\">\n\t\t\t\t\t<div class=\"pxl-heading-wrap d-flex\">\n    <div class=\"pxl-heading-inner\">\n                <h3 class=\"heading-title\">\n                        <br \/>\nLegal informatioN         <\/h3>\n            <\/div>\n<\/div>\n\n\t\t\t\t<\/div>\n\t\t\t\t<\/div>\n\t\t\t\t<div class=\"elementor-element elementor-element-e44c6e8 elementor-widget elementor-widget-pxl_list_style\" data-id=\"e44c6e8\" data-element_type=\"widget\" data-e-type=\"widget\" data-widget_type=\"pxl_list_style.default\">\n\t\t\t\t<div class=\"elementor-widget-container\">\n\t\t\t\t\t    <div class=\"pxl-list-style df d-flex-wrap flex-column\">\r\n                    <div class=\"list-item d-flex\" >\r\n                                                            \t<div class=\"list-content\">\r\n                                \t   <p>Informativa e consenso al trattamento dei dati personali<br \/>\n(art. 13 del GDPR \u2013 Regolamento UE n. 2016\/679)<\/p>\n<p>Ai sensi dell\u2019art. 5 del GDPR il trattamento delle informazioni personali che La riguardano sar\u00e0 improntato ai principi di correttezza, liceit\u00e0 e trasparenza.<\/p>\n<p>FONTE DEI DATI PERSONALI<br \/>\nI dati personali in possesso di www.cathedralroomandloft.com by : Rosalia Calamonici .<br \/>\nAddress : Via Filippo Di Giovanni, Palermo<br \/>\nEmail : cathedralroomandloft@gmail.com.<br \/>\nTelephone: +39 3807496136 sono forniti direttamente dall\u2019interessato attraverso tecniche di comunicazione a distanza (ivi incluso il sito web ed il telefono), solo dopo esplicito consenso al trattamento da parte dell\u2019interessato.<\/p>\n<p>FINALITA\u2019 DEL TRATTAMENTO DEI DATI<br \/>\nIl trattamento dei dati da Lei forniti a Rosalia Calamonici connessi ai servizi Web \u00e8 finalizzato all\u2019erogazione di informazioni e servizi attinenti le attivit\u00e0 descritte nella sezione \u201cServizi\u201d ed ad attivit\u00e0 di informazione e divulgazione di prodotti o servizi attinenti l\u2019oggetto sociale dell\u2019azienda.<\/p>\n<p>I dati da Lei forniti non verranno comunicati a terzi, salvo quelli strettamente necessari alla fornitura del servizio (ad es. societ\u00e0 partner) e salvo quanto altrimenti previsto dalla legge. Inoltre, le predette informazioni potranno essere trattate, oltre che per il funzionamento dei citati servizi, per:<\/p>\n<p>conformarsi a prescrizioni di legge;<br \/>\nadeguarsi ad un provvedimento legale, inclusa una disposizione dell\u2019Autorit\u00e0 Giudiziaria o di altra autorit\u00e0 competente;<br \/>\ndifendersi da contestazioni di terzi che asseriscano che tali contenuti violino i loro diritti.<br \/>\nEVENTUALI DESTINATARI<br \/>\nComunicazioni a terzi saranno effettuate a professionisti esterni per fini di legge e a consulenti esterni, societ\u00e0, aziende ed enti per finalit\u00e0 riferite all\u2019espletamento della nostra attivit\u00e0. In nessun caso i dati saranno diffusi. I dati personali non sono oggetto di trasferimento al di fuori dell\u2019Unione europea. In ogni caso, resta inteso che, ove si rendesse necessario, il Titolare potr\u00e0 trasferire i dati personali anche in Paesi extra UE, garantendo sin d\u2019ora che il trasferimento dei dati personali extra UE avverr\u00e0 nel rispetto delle disposizioni di legge ed in particolare delle previsioni di cui all\u2019art. 46 del GDPR.<\/p>\n<p>TIPI DI DATI TRATTATI<br \/>\nI dati trattati da Rosalia Calamonici sono diversi da quelli ritenuti \u201cparticolari\u201d (ad es. dati personali idonei a rivelare l\u2019origine razziale ed etnica, le convinzioni religiose, le opinioni politiche, i dati idonei a rivelare lo stato di salute, la vita sessuale, ecc.). In particolare il trattamento effettuato dall\u2019organizzazione \u00e8 riferito a dati personali relativi a clienti in essere o potenziali quali il nome, l\u2019indirizzo, i dati di identificazione personale o dell\u2019azienda, il codice fiscale, la partita IVA, gli estremi identificativi dei rapporti bancari (ABI, CAB, numero di conto corrente, ecc.). Per tali ragioni La invitiamo a non comunicare n\u00e9 tramite sito web n\u00e9 tramite telefono dati personali \u201cparticolari\u201d. Nel caso tuttavia che Rosalia Calamonici per la propria operativit\u00e0, dovesse avere la necessit\u00e0 di trattare i dati di natura \u201cparticolare\u201d, la stessa avr\u00e0 cura di inviarLe comunicazione scritta per ottenere il consenso a trattamento.<\/p>\n<p>PERIODO DI CONSERVAZIONE<br \/>\nI Suoi dati verranno conservati per un periodo massimo di 5 anni. Successivamente verranno cancellati.<\/p>\n<p>DIRITTI DELL\u2019INTERESSATO<br \/>\nLei potr\u00e0 far valere i Suoi diritti come espressi dall\u2019art. 15, 16, 17, 18, 20 e 21 del D GDPR \u2013 Regolamento UE 2016\/679, rivolgendosi al Titolare ai dati di contatto sopra indicati.<\/p>\n<p>Lei ha il diritto, in qualunque momento, di chiedere al titolare del trattamento l\u2019accesso ai dati personali e la rettifica (diritto di ottenere dal titolare del trattamento la rettifica dei dati personali inesatti che lo riguardano senza ingiustificato ritardo e ottenere l\u2019integrazione dei dati personali incompleti, anche fornendo una dichiarazione integrativa) o la cancellazione degli stessi o la limitazione del trattamento che lo riguardano o di opporsi al loro trattamento, oltre al diritto alla portabilit\u00e0 dei dati (diritto di ricevere in un formato strutturato, di uso comune e leggibile da dispositivo automatico i dati personali che lo riguardano forniti e diritto di trasmettere tali dati a un altro titolare del trattamento senza impedimenti da parte del titolare del trattamento cui li ha forniti). Ha il diritto a revocare il consenso (ove lo avesse espresso) in qualsiasi momento senza pregiudicare la liceit\u00e0 del trattamento basata sul consenso prestato prima della revoca. Lei ha il diritto di proporre reclamo a un\u2019autorit\u00e0 di controllo.<\/p>\n<p>Natura obbligatoria o facoltativa del conferimento dei dati e conseguenze di un eventuale rifiuto a fornire i dati<br \/>\nIl conferimento dei dati \u00e8 facoltativo, l\u2019eventuale rifiuto a fornire tali dati comporter\u00e0 la totale o parziale impossibilit\u00e0 di erogare il servizio concordato o di avviare qualsiasi collaborazione tra le parti.<\/p>\n<p>DATI DI NAVIGAZIONE<br \/>\nIl trattamento dei dati ha, come detto in precedenza, prevalentemente il fine di erogare i servizi descritti nell\u2019apposita sezione e sar\u00e0 effettuato prevalentemente su supporto informatico e materiale cartaceo protetti e custoditi secondo la normativa vigente. I sistemi informatici e le procedure software preposte al funzionamento di questo sito web acquisiscono, nel corso del loro normale esercizio e per la sola durata della connessione, alcuni dati personali la cui trasmissione \u00e8 implicita nell\u2019uso dei protocolli di comunicazione di Internet. Si tratta di informazioni che non sono raccolte per essere associate a interessati identificati, ma che per loro stessa natura potrebbero, attraverso elaborazioni ed associazioni con dati detenuti da terzi, permettere di identificare gli utenti. In questa categoria di dati rientrano gli indirizzi IP o i nomi a dominio dei computer utilizzati dagli utenti che si connettono al sito, gli indirizzi in notazione URI (Uniform Resource Identifier) delle risorse richieste, l\u2019orario della richiesta, il metodo utilizzato nel sottoporre la richiesta al server, la dimensione del file ottenuto in risposta, il codice numerico indicante lo stato della risposta data dal server (buon fine, errore, ecc.) ed altri parametri relativi al sistema operativo e all\u2019ambiente informatico dell\u2019utente. Questi dati vengono utilizzati al solo fine di ricavare informazioni statistiche anonime sull\u2019uso del sito, per monitorare la corretta navigazione e per controllarne il corretto funzionamento, ma non per finalit\u00e0 di natura commerciale, n\u00e9 \u00e8 rivolta in alcun modo all\u2019identificazione dell\u2019utente. I dati potrebbero essere utilizzati per l\u2019accertamento di responsabilit\u00e0 in caso di ipotetici reati informatici ai danni del sito: questi dati sono registrati in appositi log e possono essere comunicati esclusivamente all\u2019autorit\u00e0 giudiziaria.<\/p>\n<p>COOKIES<br \/>\nI cookies sono delle informazioni scambiate tra il server web ed il Vostro personal computer. I cookies consentono di tenere traccia delle sessioni quando si naviga nelle aree protette del sito (Area Riservata Aziende ed Area Riservata Beneficiari). Il sito utilizza i cookies di sessione il cui uso \u00e8 strettamente limitato alla trasmissione di identificativi di sessione (costituiti da numeri casuali generati dal server) necessari per consentire l\u2019esplorazione sicura ed efficiente del sito e per fornire contenuti personalizzati o per permettere il completamento di transazioni e per la raccolta di dati demografici in forma anonima (es. il conteggio degli accessi al forum). Per navigare nelle aree riservate \u00e8 necessario che il browser sia configurato in modo da accettare i cookies e che il livello di protezione sia impostato su \u201cMedio\u201d. I cosiddetti cookies di sessione utilizzati in questo sito evitano il ricorso ad altre tecniche informatiche potenzialmente pregiudizievoli per la riservatezza della navigazione degli utenti e non consentono l\u2019acquisizione di dati personali identificativi dell\u2019utente.<\/p>\n<p>MODALITA\u2019 DEL TRATTAMENTO<br \/>\nI dati personali sono trattati con strumenti automatizzati per il tempo strettamente necessario a conseguire gli scopi per cui sono stati raccolti. Specifiche misure di sicurezza sono osservate per garantire l\u2019integrit\u00e0 e la riservatezza, prevenire la perdita dei dati, usi illeciti o non corretti ed accessi non autorizzati. I dati personali da Lei rilasciati verranno a conoscenza degli incaricati del trattamento informati secondo le misure minime della normativa vigente e sotto il controllo del titolare del trattamento o del responsabile nominato.<\/p>\n<p>Il titolare del trattamento in Italia \u00e8:<br \/>\nRosalia Calamonici<br \/>\nC.F. CLMRSL66C49G273U<\/p>\n<p>L\u2019indirizzo e-mail per contattare il Responsabile della protezione dei dati \u00e8: rpd@spitalia.it<\/p>\n<p>Il presente documento, costituisce la \u201cPrivacy Policy\u201d di questo sito che sar\u00e0 soggetta ad aggiornamenti.<\/p>\n<p>Ultimo aggiornamento: 15.09.2025<\/p>\n                    \t            <\/div>\r\n           <\/div>\r\n            <\/div>\r\n\t\t\t\t<\/div>\n\t\t\t\t<\/div>\n\t\t                    <\/div>\r\n        <\/div>\r\n        \t\t\t<\/div>\n\t\t<\/section>\n\t\t                    <\/div>\r\n        <\/div>\r\n        \t\t\t<\/div>\n\t\t<\/section>\n\t\t\t\t<\/div>","protected":false},"excerpt":{"rendered":"<p>Legal informatioN Informativa e consenso al trattamento dei dati personali (art. 13 del GDPR \u2013 Regolamento UE n. 2016\/679) Ai sensi dell\u2019art. 5 del GDPR il trattamento delle informazioni personali che La riguardano sar\u00e0 improntato ai principi di correttezza, liceit\u00e0 e trasparenza. FONTE DEI DATI PERSONALI I dati personali in possesso di www.cathedralroomandloft.com by : [&hellip;]<\/p>","protected":false},"author":1,"featured_media":0,"parent":0,"menu_order":0,"comment_status":"closed","ping_status":"closed","template":"","meta":{"_joinchat":[],"footnotes":""},"class_list":["post-1982","page","type-page","status-publish","hentry"],"yoast_head":"<!-- This site is optimized with the Yoast SEO plugin v26.0 - https:\/\/yoast.com\/wordpress\/plugins\/seo\/ -->\n<title>Privacy &amp; Cookie Policy - Cathedral Room&amp;Loft<\/title>\n<meta name=\"robots\" content=\"index, follow, max-snippet:-1, max-image-preview:large, max-video-preview:-1\" \/>\n<link rel=\"canonical\" href=\"https:\/\/cathedralroomandloft.com\/en\/terms-condition\/\" \/>\n<meta property=\"og:locale\" content=\"en_GB\" \/>\n<meta property=\"og:type\" content=\"article\" \/>\n<meta property=\"og:title\" content=\"Privacy &amp; Cookie Policy - Cathedral Room&amp;Loft\" \/>\n<meta property=\"og:description\" content=\"Legal informatioN Informativa e consenso al trattamento dei dati personali (art. 13 del GDPR \u2013 Regolamento UE n. 2016\/679) Ai sensi dell\u2019art. 5 del GDPR il trattamento delle informazioni personali che La riguardano sar\u00e0 improntato ai principi di correttezza, liceit\u00e0 e trasparenza. FONTE DEI DATI PERSONALI I dati personali in possesso di www.cathedralroomandloft.com by : [&hellip;]\" \/>\n<meta property=\"og:url\" content=\"https:\/\/cathedralroomandloft.com\/en\/terms-condition\/\" \/>\n<meta property=\"og:site_name\" content=\"Cathedral Room&amp;Loft\" \/>\n<meta property=\"article:modified_time\" content=\"2025-09-15T07:49:26+00:00\" \/>\n<meta name=\"twitter:card\" content=\"summary_large_image\" \/>\n<meta name=\"twitter:label1\" content=\"Estimated reading time\" \/>\n\t<meta name=\"twitter:data1\" content=\"7 minutes\" \/>\n<script type=\"application\/ld+json\" class=\"yoast-schema-graph\">{\"@context\":\"https:\/\/schema.org\",\"@graph\":[{\"@type\":\"WebPage\",\"@id\":\"https:\/\/cathedralroomandloft.com\/terms-condition\/\",\"url\":\"https:\/\/cathedralroomandloft.com\/terms-condition\/\",\"name\":\"Privacy & Cookie Policy - Cathedral Room&amp;Loft\",\"isPartOf\":{\"@id\":\"https:\/\/cathedralroomandloft.com\/#website\"},\"datePublished\":\"2022-09-27T02:04:25+00:00\",\"dateModified\":\"2025-09-15T07:49:26+00:00\",\"breadcrumb\":{\"@id\":\"https:\/\/cathedralroomandloft.com\/terms-condition\/#breadcrumb\"},\"inLanguage\":\"en-GB\",\"potentialAction\":[{\"@type\":\"ReadAction\",\"target\":[\"https:\/\/cathedralroomandloft.com\/terms-condition\/\"]}]},{\"@type\":\"BreadcrumbList\",\"@id\":\"https:\/\/cathedralroomandloft.com\/terms-condition\/#breadcrumb\",\"itemListElement\":[{\"@type\":\"ListItem\",\"position\":1,\"name\":\"Home\",\"item\":\"https:\/\/cathedralroomandloft.com\/\"},{\"@type\":\"ListItem\",\"position\":2,\"name\":\"Privacy &#038; Cookie Policy\"}]},{\"@type\":\"WebSite\",\"@id\":\"https:\/\/cathedralroomandloft.com\/#website\",\"url\":\"https:\/\/cathedralroomandloft.com\/\",\"name\":\"Cathedral Room&amp;Loft\",\"description\":\"\",\"potentialAction\":[{\"@type\":\"SearchAction\",\"target\":{\"@type\":\"EntryPoint\",\"urlTemplate\":\"https:\/\/cathedralroomandloft.com\/?s={search_term_string}\"},\"query-input\":{\"@type\":\"PropertyValueSpecification\",\"valueRequired\":true,\"valueName\":\"search_term_string\"}}],\"inLanguage\":\"en-GB\"}]}<\/script>\n<!-- \/ Yoast SEO plugin. -->","yoast_head_json":{"title":"Privacy & Cookie Policy - Cathedral Room&amp;Loft","robots":{"index":"index","follow":"follow","max-snippet":"max-snippet:-1","max-image-preview":"max-image-preview:large","max-video-preview":"max-video-preview:-1"},"canonical":"https:\/\/cathedralroomandloft.com\/en\/terms-condition\/","og_locale":"en_GB","og_type":"article","og_title":"Privacy & Cookie Policy - Cathedral Room&amp;Loft","og_description":"Legal informatioN Informativa e consenso al trattamento dei dati personali (art. 13 del GDPR \u2013 Regolamento UE n. 2016\/679) Ai sensi dell\u2019art. 5 del GDPR il trattamento delle informazioni personali che La riguardano sar\u00e0 improntato ai principi di correttezza, liceit\u00e0 e trasparenza. FONTE DEI DATI PERSONALI I dati personali in possesso di www.cathedralroomandloft.com by : [&hellip;]","og_url":"https:\/\/cathedralroomandloft.com\/en\/terms-condition\/","og_site_name":"Cathedral Room&amp;Loft","article_modified_time":"2025-09-15T07:49:26+00:00","twitter_card":"summary_large_image","twitter_misc":{"Estimated reading time":"7 minutes"},"schema":{"@context":"https:\/\/schema.org","@graph":[{"@type":"WebPage","@id":"https:\/\/cathedralroomandloft.com\/terms-condition\/","url":"https:\/\/cathedralroomandloft.com\/terms-condition\/","name":"Privacy & Cookie Policy - Cathedral Room&amp;Loft","isPartOf":{"@id":"https:\/\/cathedralroomandloft.com\/#website"},"datePublished":"2022-09-27T02:04:25+00:00","dateModified":"2025-09-15T07:49:26+00:00","breadcrumb":{"@id":"https:\/\/cathedralroomandloft.com\/terms-condition\/#breadcrumb"},"inLanguage":"en-GB","potentialAction":[{"@type":"ReadAction","target":["https:\/\/cathedralroomandloft.com\/terms-condition\/"]}]},{"@type":"BreadcrumbList","@id":"https:\/\/cathedralroomandloft.com\/terms-condition\/#breadcrumb","itemListElement":[{"@type":"ListItem","position":1,"name":"Home","item":"https:\/\/cathedralroomandloft.com\/"},{"@type":"ListItem","position":2,"name":"Privacy &#038; Cookie Policy"}]},{"@type":"WebSite","@id":"https:\/\/cathedralroomandloft.com\/#website","url":"https:\/\/cathedralroomandloft.com\/","name":"Cathedral Room&amp;Loft","description":"","potentialAction":[{"@type":"SearchAction","target":{"@type":"EntryPoint","urlTemplate":"https:\/\/cathedralroomandloft.com\/?s={search_term_string}"},"query-input":{"@type":"PropertyValueSpecification","valueRequired":true,"valueName":"search_term_string"}}],"inLanguage":"en-GB"}]}},"_links":{"self":[{"href":"https:\/\/cathedralroomandloft.com\/en\/wp-json\/wp\/v2\/pages\/1982","targetHints":{"allow":["GET"]}}],"collection":[{"href":"https:\/\/cathedralroomandloft.com\/en\/wp-json\/wp\/v2\/pages"}],"about":[{"href":"https:\/\/cathedralroomandloft.com\/en\/wp-json\/wp\/v2\/types\/page"}],"author":[{"embeddable":true,"href":"https:\/\/cathedralroomandloft.com\/en\/wp-json\/wp\/v2\/users\/1"}],"replies":[{"embeddable":true,"href":"https:\/\/cathedralroomandloft.com\/en\/wp-json\/wp\/v2\/comments?post=1982"}],"version-history":[{"count":5,"href":"https:\/\/cathedralroomandloft.com\/en\/wp-json\/wp\/v2\/pages\/1982\/revisions"}],"predecessor-version":[{"id":17160,"href":"https:\/\/cathedralroomandloft.com\/en\/wp-json\/wp\/v2\/pages\/1982\/revisions\/17160"}],"wp:attachment":[{"href":"https:\/\/cathedralroomandloft.com\/en\/wp-json\/wp\/v2\/media?parent=1982"}],"curies":[{"name":"wp","href":"https:\/\/api.w.org\/{rel}","templated":true}]}}